{"id":30,"date":"2024-05-07T20:39:51","date_gmt":"2024-05-07T18:39:51","guid":{"rendered":"http:\/\/iq-software.pl\/about\/"},"modified":"2024-05-07T20:40:47","modified_gmt":"2024-05-07T18:40:47","slug":"about","status":"publish","type":"page","link":"https:\/\/iq-software.pl\/?page_id=30","title":{"rendered":"About"},"content":{"rendered":"\n<div class=\"wp-block-uagb-container uagb-block-7b3cf0a9 alignfull uagb-is-root-container\"><div class=\"uagb-container-inner-blocks-wrap\">\n<div class=\"wp-block-uagb-advanced-heading uagb-block-75f37bc6\"><h1 class=\"uagb-heading-text\">O nas<\/h1><\/div>\n\n\n\n<div class=\"wp-block-uagb-advanced-heading uagb-block-259e6731\"><p class=\"uagb-desc-text\">Kompleksowe oprogramowanie dla efektywnego zarz\u0105dzania procesami produkcyjnymi<\/p><\/div>\n<\/div><\/div>\n\n\n\n<div class=\"wp-block-uagb-container uagb-block-3e8d5b05 alignfull uagb-is-root-container\"><div class=\"uagb-container-inner-blocks-wrap\">\n<div class=\"wp-block-uagb-container uagb-block-ee199b26\">\n<div class=\"wp-block-uagb-image alignleft uagb-block-3ec25827 wp-block-uagb-image--layout-default wp-block-uagb-image--effect-static wp-block-uagb-image--align-left\"><figure class=\"wp-block-uagb-image__figure\"><img loading=\"lazy\" decoding=\"async\" src=\"https:\/\/iq-software.pl\/wp-content\/uploads\/sites\/2\/2024\/05\/zipwp-image-placeholder-landscape.png\" alt=\"\" class=\"uag-image-20\" width=\"260\" height=\"431\" title=\"\" loading=\"lazy\" role=\"img\" \/><\/figure><\/div>\n\n\n\n<div class=\"wp-block-uagb-image alignleft uagb-block-a23b2c0d wp-block-uagb-image--layout-default wp-block-uagb-image--effect-static wp-block-uagb-image--align-left\"><figure class=\"wp-block-uagb-image__figure\"><img loading=\"lazy\" decoding=\"async\" src=\"https:\/\/iq-software.pl\/wp-content\/uploads\/sites\/2\/2024\/05\/zipwp-image-placeholder-portrait.png\" alt=\"\" class=\"uag-image-21\" width=\"260\" height=\"536\" title=\"\" loading=\"lazy\" role=\"img\" \/><\/figure><\/div>\n<\/div>\n\n\n\n<div class=\"wp-block-uagb-container uagb-block-869b9db0\">\n<div class=\"wp-block-uagb-advanced-heading uagb-block-10e01655\"><h2 class=\"uagb-heading-text\">Nasza historia<\/h2><p class=\"uagb-desc-text\">IQ-Software ma bogate do\u015bwiadczenie w dostarczaniu kompleksowych rozwi\u0105za\u0144 oprogramowania dla bran\u017cy produkcji. Obs\u0142ugujemy szerokie spektrum klient\u00f3w, pomagaj\u0105c im w efektywnym zarz\u0105dzaniu procesami produkcyjnymi, gospodark\u0105 narz\u0119dziow\u0105, utrzymaniem ruchu i zarz\u0105dzaniem infrastruktur\u0105 produkcyjn\u0105.<\/p><\/div>\n\n\n\n<div class=\"wp-block-uagb-icon-list uagb-block-c5f619be\"><div class=\"uagb-icon-list__wrap\">\n<div class=\"wp-block-uagb-icon-list-child uagb-block-ee9f8547\"><span class=\"uagb-icon-list__source-wrap\"><\/span><span class=\"uagb-icon-list__label\">Personalizacja<\/span><\/div>\n\n\n\n<div class=\"wp-block-uagb-icon-list-child uagb-block-d798698b\"><span class=\"uagb-icon-list__source-wrap\"><\/span><span class=\"uagb-icon-list__label\">Integracja z ERP i MES<\/span><\/div>\n\n\n\n<div class=\"wp-block-uagb-icon-list-child uagb-block-e59854a7\"><span class=\"uagb-icon-list__source-wrap\"><\/span><span class=\"uagb-icon-list__label\">Technologie RFID i kod\u00f3w QR<\/span><\/div>\n<\/div><\/div>\n<\/div>\n<\/div><\/div>\n\n\n\n<div class=\"wp-block-uagb-container uagb-block-9313817c alignfull uagb-is-root-container\"><div class=\"uagb-container-inner-blocks-wrap\">\n<div class=\"wp-block-uagb-container uagb-block-48bc6b3d\">\n<div class=\"wp-block-uagb-advanced-heading uagb-block-1a1b3057\"><h2 class=\"uagb-heading-text\">Nasze warto\u015bci<\/h2><\/div>\n\n\n\n<div class=\"wp-block-uagb-advanced-heading uagb-block-b5011a80\"><p class=\"uagb-desc-text\">Stawiamy na wsp\u00f3\u0142prac\u0119, innowacje i profesjonalizm.<\/p><\/div>\n<\/div>\n\n\n\n<div class=\"wp-block-uagb-container uagb-block-3c24046d\">\n<div class=\"wp-block-uagb-info-box uagb-block-17443239 uagb-infobox__content-wrap  uagb-infobox-icon-above-title uagb-infobox-image-valign-top wp-block-uagb-info-box--has-margin\"><div class=\"uagb-infobox-margin-wrapper\"><div class=\"uagb-ifb-content\"><div class=\"uagb-ifb-title-wrap\"><h3 class=\"uagb-ifb-title\">Nasza wizja<\/h3><\/div><p class=\"uagb-ifb-desc\">Nasza wizja to zapewnienie oprogramowania najwy\u017cszej jako\u015bci, kt\u00f3re umo\u017cliwia skuteczne zarz\u0105dzanie i optymalizacj\u0119 proces\u00f3w produkcyjnych.<\/p><\/div><\/div><\/div>\n\n\n\n<div class=\"wp-block-uagb-info-box uagb-block-aa36aa63 uagb-infobox__content-wrap  uagb-infobox-icon-above-title uagb-infobox-image-valign-top wp-block-uagb-info-box--has-margin\"><div class=\"uagb-infobox-margin-wrapper\"><div class=\"uagb-ifb-content\"><div class=\"uagb-ifb-title-wrap\"><h3 class=\"uagb-ifb-title\">Nasza misja<\/h3><\/div><p class=\"uagb-ifb-desc\">Nasza misja polega na dostarczaniu klientom kompleksowych i spersonalizowanych rozwi\u0105za\u0144 oprogramowania, kt\u00f3re poprawiaj\u0105 wydajno\u015b\u0107 ich proces\u00f3w produkcyjnych.<\/p><\/div><\/div><\/div>\n\n\n\n<div class=\"wp-block-uagb-info-box uagb-block-030b281c uagb-infobox__content-wrap  uagb-infobox-icon-above-title uagb-infobox-image-valign-top wp-block-uagb-info-box--has-margin\"><div class=\"uagb-infobox-margin-wrapper\"><div class=\"uagb-ifb-content\"><div class=\"uagb-ifb-title-wrap\"><h3 class=\"uagb-ifb-title\">Warto\u015bci g\u0142\u00f3wne<\/h3><\/div><p class=\"uagb-ifb-desc\">Nasze warto\u015bci obejmuj\u0105 profesjonalizm, innowacyjno\u015b\u0107, uczciwo\u015b\u0107 i zaufanie.<\/p><\/div><\/div><\/div>\n<\/div>\n<\/div><\/div>\n\n\n\n<div class=\"wp-block-uagb-container uagb-block-12fa4e5b alignfull uagb-is-root-container\"><div class=\"uagb-container-inner-blocks-wrap\">\n<div class=\"wp-block-uagb-info-box uagb-block-7008500d uagb-infobox__content-wrap  uagb-infobox-icon-above-title uagb-infobox-image-valign-top\"><div class=\"uagb-ifb-content\"><div class=\"uagb-ifb-title-wrap\"><h2 class=\"uagb-ifb-title\">Skontaktuj si\u0119 z nami<\/h2><\/div><p class=\"uagb-ifb-desc\">Chcieliby\u015bmy pozna\u0107 Twoje potrzeby i przedstawi\u0107 nasze rozwi\u0105zania. Skontaktuj si\u0119 z nami ju\u017c dzisiaj!<\/p><div class=\"uagb-ifb-button-wrapper wp-block-button\"><a href=\"\/contact\/\" class=\"uagb-infobox-cta-link wp-block-button__link\" target=\"_self\" rel=\"noopener noreferrer\"><span class=\"uagb-inline-editing\">Odkryj wi\u0119cej<\/span><\/a><\/div><\/div><\/div>\n<\/div><\/div>\n","protected":false},"excerpt":{"rendered":"<p>O nas Kompleksowe oprogramowanie dla efektywnego zarz\u0105dzania procesami produkcyjnymi Nasza historia IQ-Software ma bogate do\u015bwiadczenie w dostarczaniu kompleksowych rozwi\u0105za\u0144 oprogramowania [&hellip;]<\/p>\n","protected":false},"author":1,"featured_media":0,"parent":0,"menu_order":0,"comment_status":"closed","ping_status":"closed","template":"","meta":{"_uag_custom_page_level_css":"","site-sidebar-layout":"default","site-content-layout":"","ast-site-content-layout":"default","site-content-style":"default","site-sidebar-style":"default","ast-global-header-display":"","ast-banner-title-visibility":"","ast-main-header-display":"","ast-hfb-above-header-display":"","ast-hfb-below-header-display":"","ast-hfb-mobile-header-display":"","site-post-title":"disabled","ast-breadcrumbs-content":"","ast-featured-img":"","footer-sml-layout":"","theme-transparent-header-meta":"","adv-header-id-meta":"","stick-header-meta":"","header-above-stick-meta":"","header-main-stick-meta":"","header-below-stick-meta":"","astra-migrate-meta-layouts":"set","ast-page-background-enabled":"default","ast-page-background-meta":{"desktop":{"background-color":"var(--ast-global-color-4)","background-image":"","background-repeat":"repeat","background-position":"center center","background-size":"auto","background-attachment":"scroll","background-type":"","background-media":"","overlay-type":"","overlay-color":"","overlay-gradient":""},"tablet":{"background-color":"","background-image":"","background-repeat":"repeat","background-position":"center center","background-size":"auto","background-attachment":"scroll","background-type":"","background-media":"","overlay-type":"","overlay-color":"","overlay-gradient":""},"mobile":{"background-color":"","background-image":"","background-repeat":"repeat","background-position":"center center","background-size":"auto","background-attachment":"scroll","background-type":"","background-media":"","overlay-type":"","overlay-color":"","overlay-gradient":""}},"ast-content-background-meta":{"desktop":{"background-color":"var(--ast-global-color-5)","background-image":"","background-repeat":"repeat","background-position":"center center","background-size":"auto","background-attachment":"scroll","background-type":"","background-media":"","overlay-type":"","overlay-color":"","overlay-gradient":""},"tablet":{"background-color":"var(--ast-global-color-5)","background-image":"","background-repeat":"repeat","background-position":"center center","background-size":"auto","background-attachment":"scroll","background-type":"","background-media":"","overlay-type":"","overlay-color":"","overlay-gradient":""},"mobile":{"background-color":"var(--ast-global-color-5)","background-image":"","background-repeat":"repeat","background-position":"center center","background-size":"auto","background-attachment":"scroll","background-type":"","background-media":"","overlay-type":"","overlay-color":"","overlay-gradient":""}},"footnotes":""},"class_list":["post-30","page","type-page","status-publish","hentry"],"yoast_head":"<!-- This site is optimized with the Yoast SEO plugin v24.6 - https:\/\/yoast.com\/wordpress\/plugins\/seo\/ -->\n<title>About - IQ-Software<\/title>\n<meta name=\"robots\" content=\"index, follow, max-snippet:-1, max-image-preview:large, max-video-preview:-1\" \/>\n<link rel=\"canonical\" href=\"https:\/\/iq-software.pl\/?page_id=30\" \/>\n<meta property=\"og:locale\" content=\"pl_PL\" \/>\n<meta property=\"og:type\" content=\"article\" \/>\n<meta property=\"og:title\" content=\"About - IQ-Software\" \/>\n<meta property=\"og:description\" content=\"O nas Kompleksowe oprogramowanie dla efektywnego zarz\u0105dzania procesami produkcyjnymi Nasza historia IQ-Software ma bogate do\u015bwiadczenie w dostarczaniu kompleksowych rozwi\u0105za\u0144 oprogramowania [&hellip;]\" \/>\n<meta property=\"og:url\" content=\"https:\/\/iq-software.pl\/?page_id=30\" \/>\n<meta property=\"og:site_name\" content=\"IQ-Software\" \/>\n<meta property=\"article:modified_time\" content=\"2024-05-07T18:40:47+00:00\" \/>\n<meta property=\"og:image\" content=\"https:\/\/iq-software.pl\/wp-content\/uploads\/sites\/2\/2024\/05\/zipwp-image-placeholder-landscape.png\" \/>\n<meta name=\"twitter:card\" content=\"summary_large_image\" \/>\n<meta name=\"twitter:label1\" content=\"Szacowany czas czytania\" \/>\n\t<meta name=\"twitter:data1\" content=\"1 minuta\" \/>\n<script type=\"application\/ld+json\" class=\"yoast-schema-graph\">{\"@context\":\"https:\/\/schema.org\",\"@graph\":[{\"@type\":\"WebPage\",\"@id\":\"https:\/\/iq-software.pl\/?page_id=30\",\"url\":\"https:\/\/iq-software.pl\/?page_id=30\",\"name\":\"About - IQ-Software\",\"isPartOf\":{\"@id\":\"https:\/\/iq-software.pl\/#website\"},\"primaryImageOfPage\":{\"@id\":\"https:\/\/iq-software.pl\/?page_id=30#primaryimage\"},\"image\":{\"@id\":\"https:\/\/iq-software.pl\/?page_id=30#primaryimage\"},\"thumbnailUrl\":\"https:\/\/iq-software.pl\/wp-content\/uploads\/sites\/2\/2024\/05\/zipwp-image-placeholder-landscape.png\",\"datePublished\":\"2024-05-07T18:39:51+00:00\",\"dateModified\":\"2024-05-07T18:40:47+00:00\",\"breadcrumb\":{\"@id\":\"https:\/\/iq-software.pl\/?page_id=30#breadcrumb\"},\"inLanguage\":\"pl-PL\",\"potentialAction\":[{\"@type\":\"ReadAction\",\"target\":[\"https:\/\/iq-software.pl\/?page_id=30\"]}]},{\"@type\":\"ImageObject\",\"inLanguage\":\"pl-PL\",\"@id\":\"https:\/\/iq-software.pl\/?page_id=30#primaryimage\",\"url\":\"https:\/\/iq-software.pl\/wp-content\/uploads\/sites\/2\/2024\/05\/zipwp-image-placeholder-landscape.png\",\"contentUrl\":\"https:\/\/iq-software.pl\/wp-content\/uploads\/sites\/2\/2024\/05\/zipwp-image-placeholder-landscape.png\",\"width\":2247,\"height\":1500,\"caption\":\"zipwp-image-placeholder-landscape.jpeg\"},{\"@type\":\"BreadcrumbList\",\"@id\":\"https:\/\/iq-software.pl\/?page_id=30#breadcrumb\",\"itemListElement\":[{\"@type\":\"ListItem\",\"position\":1,\"name\":\"Strona g\u0142\u00f3wna\",\"item\":\"https:\/\/iq-software.pl\/\"},{\"@type\":\"ListItem\",\"position\":2,\"name\":\"About\"}]},{\"@type\":\"WebSite\",\"@id\":\"https:\/\/iq-software.pl\/#website\",\"url\":\"https:\/\/iq-software.pl\/\",\"name\":\"IQ-Software\",\"description\":\"\",\"potentialAction\":[{\"@type\":\"SearchAction\",\"target\":{\"@type\":\"EntryPoint\",\"urlTemplate\":\"https:\/\/iq-software.pl\/?s={search_term_string}\"},\"query-input\":{\"@type\":\"PropertyValueSpecification\",\"valueRequired\":true,\"valueName\":\"search_term_string\"}}],\"inLanguage\":\"pl-PL\"}]}<\/script>\n<!-- \/ Yoast SEO plugin. -->","yoast_head_json":{"title":"About - IQ-Software","robots":{"index":"index","follow":"follow","max-snippet":"max-snippet:-1","max-image-preview":"max-image-preview:large","max-video-preview":"max-video-preview:-1"},"canonical":"https:\/\/iq-software.pl\/?page_id=30","og_locale":"pl_PL","og_type":"article","og_title":"About - IQ-Software","og_description":"O nas Kompleksowe oprogramowanie dla efektywnego zarz\u0105dzania procesami produkcyjnymi Nasza historia IQ-Software ma bogate do\u015bwiadczenie w dostarczaniu kompleksowych rozwi\u0105za\u0144 oprogramowania [&hellip;]","og_url":"https:\/\/iq-software.pl\/?page_id=30","og_site_name":"IQ-Software","article_modified_time":"2024-05-07T18:40:47+00:00","og_image":[{"url":"https:\/\/iq-software.pl\/wp-content\/uploads\/sites\/2\/2024\/05\/zipwp-image-placeholder-landscape.png","type":"","width":"","height":""}],"twitter_card":"summary_large_image","twitter_misc":{"Szacowany czas czytania":"1 minuta"},"schema":{"@context":"https:\/\/schema.org","@graph":[{"@type":"WebPage","@id":"https:\/\/iq-software.pl\/?page_id=30","url":"https:\/\/iq-software.pl\/?page_id=30","name":"About - IQ-Software","isPartOf":{"@id":"https:\/\/iq-software.pl\/#website"},"primaryImageOfPage":{"@id":"https:\/\/iq-software.pl\/?page_id=30#primaryimage"},"image":{"@id":"https:\/\/iq-software.pl\/?page_id=30#primaryimage"},"thumbnailUrl":"https:\/\/iq-software.pl\/wp-content\/uploads\/sites\/2\/2024\/05\/zipwp-image-placeholder-landscape.png","datePublished":"2024-05-07T18:39:51+00:00","dateModified":"2024-05-07T18:40:47+00:00","breadcrumb":{"@id":"https:\/\/iq-software.pl\/?page_id=30#breadcrumb"},"inLanguage":"pl-PL","potentialAction":[{"@type":"ReadAction","target":["https:\/\/iq-software.pl\/?page_id=30"]}]},{"@type":"ImageObject","inLanguage":"pl-PL","@id":"https:\/\/iq-software.pl\/?page_id=30#primaryimage","url":"https:\/\/iq-software.pl\/wp-content\/uploads\/sites\/2\/2024\/05\/zipwp-image-placeholder-landscape.png","contentUrl":"https:\/\/iq-software.pl\/wp-content\/uploads\/sites\/2\/2024\/05\/zipwp-image-placeholder-landscape.png","width":2247,"height":1500,"caption":"zipwp-image-placeholder-landscape.jpeg"},{"@type":"BreadcrumbList","@id":"https:\/\/iq-software.pl\/?page_id=30#breadcrumb","itemListElement":[{"@type":"ListItem","position":1,"name":"Strona g\u0142\u00f3wna","item":"https:\/\/iq-software.pl\/"},{"@type":"ListItem","position":2,"name":"About"}]},{"@type":"WebSite","@id":"https:\/\/iq-software.pl\/#website","url":"https:\/\/iq-software.pl\/","name":"IQ-Software","description":"","potentialAction":[{"@type":"SearchAction","target":{"@type":"EntryPoint","urlTemplate":"https:\/\/iq-software.pl\/?s={search_term_string}"},"query-input":{"@type":"PropertyValueSpecification","valueRequired":true,"valueName":"search_term_string"}}],"inLanguage":"pl-PL"}]}},"uagb_featured_image_src":{"full":false,"thumbnail":false,"medium":false,"medium_large":false,"large":false,"1536x1536":false,"2048x2048":false},"uagb_author_info":{"display_name":"adminiqswordpress","author_link":"https:\/\/iq-software.pl\/?author=1"},"uagb_comment_info":0,"uagb_excerpt":"O nas Kompleksowe oprogramowanie dla efektywnego zarz\u0105dzania procesami produkcyjnymi Nasza historia IQ-Software ma bogate do\u015bwiadczenie w dostarczaniu kompleksowych rozwi\u0105za\u0144 oprogramowania [&hellip;]","_links":{"self":[{"href":"https:\/\/iq-software.pl\/index.php?rest_route=\/wp\/v2\/pages\/30"}],"collection":[{"href":"https:\/\/iq-software.pl\/index.php?rest_route=\/wp\/v2\/pages"}],"about":[{"href":"https:\/\/iq-software.pl\/index.php?rest_route=\/wp\/v2\/types\/page"}],"author":[{"embeddable":true,"href":"https:\/\/iq-software.pl\/index.php?rest_route=\/wp\/v2\/users\/1"}],"replies":[{"embeddable":true,"href":"https:\/\/iq-software.pl\/index.php?rest_route=%2Fwp%2Fv2%2Fcomments&post=30"}],"version-history":[{"count":2,"href":"https:\/\/iq-software.pl\/index.php?rest_route=\/wp\/v2\/pages\/30\/revisions"}],"predecessor-version":[{"id":1199,"href":"https:\/\/iq-software.pl\/index.php?rest_route=\/wp\/v2\/pages\/30\/revisions\/1199"}],"wp:attachment":[{"href":"https:\/\/iq-software.pl\/index.php?rest_route=%2Fwp%2Fv2%2Fmedia&parent=30"}],"curies":[{"name":"wp","href":"https:\/\/api.w.org\/{rel}","templated":true}]}}