{"id":31,"date":"2024-05-07T20:39:51","date_gmt":"2024-05-07T18:39:51","guid":{"rendered":"http:\/\/iq-software.pl\/offerings\/"},"modified":"2024-05-07T20:40:47","modified_gmt":"2024-05-07T18:40:47","slug":"offerings","status":"publish","type":"page","link":"https:\/\/iq-software.pl\/?page_id=31","title":{"rendered":"Offerings"},"content":{"rendered":"\n<div class=\"wp-block-uagb-container uagb-block-568a6a6f alignfull uagb-is-root-container\"><div class=\"uagb-container-inner-blocks-wrap\">\n<div class=\"wp-block-uagb-advanced-heading uagb-block-4fcaa4d9\"><h1 class=\"uagb-heading-text\">Nasza oferta<\/h1><\/div>\n\n\n\n<div class=\"wp-block-uagb-advanced-heading uagb-block-e90f26ce\"><p class=\"uagb-desc-text\">Zobacz, jak mo\u017cemy wspom\u00f3c Twoj\u0105 firm\u0119 w zarz\u0105dzaniu procesami produkcyjnymi i infrastruktur\u0105 produkcyjn\u0105.<\/p><\/div>\n<\/div><\/div>\n\n\n\n<div class=\"wp-block-uagb-container uagb-block-3e07fe11 alignfull uagb-is-root-container\"><div class=\"uagb-container-inner-blocks-wrap\">\n<div class=\"wp-block-uagb-container uagb-block-d4d500a0\">\n<div class=\"wp-block-uagb-container uagb-block-7f1a7e89\">\n<div class=\"wp-block-uagb-image alignleft uagb-block-1ca788f4 wp-block-uagb-image--layout-default wp-block-uagb-image--effect-static wp-block-uagb-image--align-left\"><figure class=\"wp-block-uagb-image__figure\"><img loading=\"lazy\" decoding=\"async\" src=\"https:\/\/iq-software.pl\/wp-content\/uploads\/sites\/2\/2024\/05\/zipwp-image-placeholder-landscape.png\" alt=\"\" class=\"uag-image-20\" width=\"543\" height=\"400\" title=\"\" loading=\"lazy\" role=\"img\" \/><\/figure><\/div>\n\n\n\n<div class=\"wp-block-uagb-advanced-heading uagb-block-fcbf0b16\"><h2 class=\"uagb-heading-text\">Oprogramowanie produkcyjne<\/h2><p class=\"uagb-desc-text\">Nasze oprogramowanie umo\u017cliwia kompleksowe zarz\u0105dzanie procesami produkcyjnymi, planowanie produkcji oraz kontrol\u0119 nad przebiegiem proces\u00f3w i magazynem produkcyjnym. Dzi\u0119ki temu zapewniamy skuteczne zarz\u0105dzanie narz\u0119dziami produkcyjnymi i gospodark\u0105 narz\u0119dziow\u0105. Tworzymy indywidualne rozwi\u0105zania, kt\u00f3re mo\u017cna dostosowa\u0107 do potrzeb klienta, integruj\u0105c je z systemami ERP i MES.<\/p><\/div>\n<\/div>\n\n\n\n<div class=\"wp-block-uagb-container uagb-block-f9421b51\">\n<div class=\"wp-block-uagb-image alignleft uagb-block-cd2e59d9 wp-block-uagb-image--layout-default wp-block-uagb-image--effect-static wp-block-uagb-image--align-left\"><figure class=\"wp-block-uagb-image__figure\"><img loading=\"lazy\" decoding=\"async\" src=\"https:\/\/iq-software.pl\/wp-content\/uploads\/sites\/2\/2024\/05\/zipwp-image-placeholder-portrait.png\" alt=\"\" class=\"uag-image-21\" width=\"543\" height=\"400\" title=\"\" loading=\"lazy\" role=\"img\" \/><\/figure><\/div>\n\n\n\n<div class=\"wp-block-uagb-advanced-heading uagb-block-34a269b3\"><h2 class=\"uagb-heading-text\">Utrzymanie ruchu<\/h2><p class=\"uagb-desc-text\">Stawiamy na utrzymanie p\u0142ynnego ruchu i sprawne zarz\u0105dzanie infrastruktur\u0105 produkcyjn\u0105, kt\u00f3re s\u0105 kluczowe dla nieprzerwanej pracy zak\u0142adu. Nasze rozwi\u0105zania umo\u017cliwiaj\u0105 monitorowanie stanu maszyn i urz\u0105dze\u0144, planowanie dzia\u0142a\u0144 konserwacyjnych oraz raportowanie. Wdra\u017camy technologie RFID i kod\u00f3w QR do identyfikacji zasob\u00f3w produkcyjnych, co u\u0142atwia zarz\u0105dzanie zapasami i kontrol\u0119 nad procesami.<\/p><\/div>\n<\/div>\n<\/div>\n\n\n\n<div class=\"wp-block-uagb-container uagb-block-08385aa7\">\n<div class=\"wp-block-uagb-container uagb-block-903c29ae\">\n<div class=\"wp-block-uagb-image alignleft uagb-block-f2e3a38c wp-block-uagb-image--layout-default wp-block-uagb-image--effect-static wp-block-uagb-image--align-left\"><figure class=\"wp-block-uagb-image__figure\"><img loading=\"lazy\" decoding=\"async\" src=\"https:\/\/iq-software.pl\/wp-content\/uploads\/sites\/2\/2024\/05\/zipwp-image-placeholder-landscape.png\" alt=\"\" class=\"uag-image-20\" width=\"543\" height=\"400\" title=\"\" loading=\"lazy\" role=\"img\" \/><\/figure><\/div>\n\n\n\n<div class=\"wp-block-uagb-advanced-heading uagb-block-b2355bf0\"><h2 class=\"uagb-heading-text\">Personalizacja i optymalizacja proces\u00f3w<\/h2><p class=\"uagb-desc-text\">Jeste\u015bmy elastyczni i tworzymy rozwi\u0105zania dostosowane do specyficznych potrzeb klienta. Nasze oprogramowanie mo\u017ce by\u0107 personalizowane, aby zoptymalizowa\u0107 procesy produkcyjne i dostosowa\u0107 je do wymaga\u0144 klienta. Wsp\u00f3\u0142pracujemy z klientem na ka\u017cdym etapie projektu, aby zapewni\u0107 pe\u0142n\u0105 satysfakcj\u0119 z naszych rozwi\u0105za\u0144.<\/p><\/div>\n<\/div>\n\n\n\n<div class=\"wp-block-uagb-container uagb-block-20c11b49\">\n<div class=\"wp-block-uagb-image alignleft uagb-block-6e6bf1ea wp-block-uagb-image--layout-default wp-block-uagb-image--effect-static wp-block-uagb-image--align-left\"><figure class=\"wp-block-uagb-image__figure\"><img loading=\"lazy\" decoding=\"async\" src=\"https:\/\/iq-software.pl\/wp-content\/uploads\/sites\/2\/2024\/05\/zipwp-image-placeholder-portrait.png\" alt=\"\" class=\"uag-image-21\" width=\"543\" height=\"400\" title=\"\" loading=\"lazy\" role=\"img\" \/><\/figure><\/div>\n\n\n\n<div class=\"wp-block-uagb-advanced-heading uagb-block-3a93f87b\"><h2 class=\"uagb-heading-text\">Integracja z systemami ERP i MES<\/h2><p class=\"uagb-desc-text\">Nasze oprogramowanie mo\u017ce by\u0107 zintegrowane z istniej\u0105cymi systemami ERP i MES, co umo\u017cliwia p\u0142ynny przep\u0142yw informacji. Dzi\u0119ki temu procesy produkcyjne s\u0105 jeszcze bardziej zautomatyzowane i efektywne. Zapewniamy sp\u00f3jno\u015b\u0107 danych i eliminacj\u0119 podw\u00f3jnej pracy w zakresie zarz\u0105dzania produkcj\u0105 i planowania.<\/p><\/div>\n<\/div>\n<\/div>\n\n\n\n<div class=\"wp-block-uagb-container uagb-block-9e38d4b1\">\n<div class=\"wp-block-uagb-container uagb-block-d7887d2a\">\n<div class=\"wp-block-uagb-image alignleft uagb-block-e914123c wp-block-uagb-image--layout-default wp-block-uagb-image--effect-static wp-block-uagb-image--align-left\"><figure class=\"wp-block-uagb-image__figure\"><img loading=\"lazy\" decoding=\"async\" src=\"https:\/\/iq-software.pl\/wp-content\/uploads\/sites\/2\/2024\/05\/zipwp-image-placeholder-landscape.png\" alt=\"\" class=\"uag-image-20\" width=\"543\" height=\"400\" title=\"\" loading=\"lazy\" role=\"img\" \/><\/figure><\/div>\n\n\n\n<div class=\"wp-block-uagb-advanced-heading uagb-block-9d58c214\"><h2 class=\"uagb-heading-text\">Technologie RFID i kody QR<\/h2><p class=\"uagb-desc-text\">Oferujemy wdra\u017canie technologii RFID i kod\u00f3w QR do identyfikacji zasob\u00f3w produkcyjnych. Dzi\u0119ki temu mo\u017cna \u0142atwo zarz\u0105dza\u0107 zapasami, kontrolowa\u0107 procesy i monitorowa\u0107 efektywno\u015b\u0107 produkcji. Nasze rozwi\u0105zania s\u0105 nowoczesne i innowacyjne.<\/p><\/div>\n<\/div>\n\n\n\n<div class=\"wp-block-uagb-container uagb-block-49246099\">\n<div class=\"wp-block-uagb-image alignleft uagb-block-4274e905 wp-block-uagb-image--layout-default wp-block-uagb-image--effect-static wp-block-uagb-image--align-left\"><figure class=\"wp-block-uagb-image__figure\"><img loading=\"lazy\" decoding=\"async\" src=\"https:\/\/iq-software.pl\/wp-content\/uploads\/sites\/2\/2024\/05\/zipwp-image-placeholder-portrait.png\" alt=\"\" class=\"uag-image-21\" width=\"543\" height=\"400\" title=\"\" loading=\"lazy\" role=\"img\" \/><\/figure><\/div>\n\n\n\n<div class=\"wp-block-uagb-advanced-heading uagb-block-17d232c4\"><h2 class=\"uagb-heading-text\">Wsparcie w projektowaniu i wdra\u017caniu infrastruktury informatycznej<\/h2><p class=\"uagb-desc-text\">Oferujemy kompleksowe wsparcie w projektowaniu i wdra\u017caniu infrastruktury informatycznej na produkcji. Nasze rozwi\u0105zania s\u0105 dostosowane do specyficznych potrzeb klienta i obejmuj\u0105 zakres prac od analizy wymaga\u0144, projektowania architektury sieci po implementacj\u0119 i konfiguracj\u0119 system\u00f3w. Zapewniamy profesjonalne wsparcie techniczne i szkolenia dla personelu.<\/p><\/div>\n<\/div>\n<\/div>\n<\/div><\/div>\n\n\n\n<div class=\"wp-block-uagb-container uagb-block-12fa4e5b alignfull uagb-is-root-container\"><div class=\"uagb-container-inner-blocks-wrap\">\n<div class=\"wp-block-uagb-info-box uagb-block-7008500d uagb-infobox__content-wrap  uagb-infobox-icon-above-title uagb-infobox-image-valign-top\"><div class=\"uagb-ifb-content\"><div class=\"uagb-ifb-title-wrap\"><h2 class=\"uagb-ifb-title\">Skontaktuj si\u0119 z nami<\/h2><\/div><p class=\"uagb-ifb-desc\">Chcieliby\u015bmy pozna\u0107 Twoje potrzeby i przedstawi\u0107 nasze rozwi\u0105zania. Skontaktuj si\u0119 z nami ju\u017c dzisiaj!<\/p><div class=\"uagb-ifb-button-wrapper wp-block-button\"><a href=\"\/contact\/\" class=\"uagb-infobox-cta-link wp-block-button__link\" target=\"_self\" rel=\"noopener noreferrer\"><span class=\"uagb-inline-editing\">Odkryj wi\u0119cej<\/span><\/a><\/div><\/div><\/div>\n<\/div><\/div>\n","protected":false},"excerpt":{"rendered":"<p>Nasza oferta Zobacz, jak mo\u017cemy wspom\u00f3c Twoj\u0105 firm\u0119 w zarz\u0105dzaniu procesami produkcyjnymi i infrastruktur\u0105 produkcyjn\u0105. Oprogramowanie produkcyjne Nasze oprogramowanie umo\u017cliwia [&hellip;]<\/p>\n","protected":false},"author":1,"featured_media":0,"parent":0,"menu_order":0,"comment_status":"closed","ping_status":"closed","template":"","meta":{"_uag_custom_page_level_css":"","site-sidebar-layout":"default","site-content-layout":"","ast-site-content-layout":"default","site-content-style":"default","site-sidebar-style":"default","ast-global-header-display":"","ast-banner-title-visibility":"","ast-main-header-display":"","ast-hfb-above-header-display":"","ast-hfb-below-header-display":"","ast-hfb-mobile-header-display":"","site-post-title":"disabled","ast-breadcrumbs-content":"","ast-featured-img":"","footer-sml-layout":"","theme-transparent-header-meta":"","adv-header-id-meta":"","stick-header-meta":"","header-above-stick-meta":"","header-main-stick-meta":"","header-below-stick-meta":"","astra-migrate-meta-layouts":"set","ast-page-background-enabled":"default","ast-page-background-meta":{"desktop":{"background-color":"var(--ast-global-color-4)","background-image":"","background-repeat":"repeat","background-position":"center center","background-size":"auto","background-attachment":"scroll","background-type":"","background-media":"","overlay-type":"","overlay-color":"","overlay-gradient":""},"tablet":{"background-color":"","background-image":"","background-repeat":"repeat","background-position":"center center","background-size":"auto","background-attachment":"scroll","background-type":"","background-media":"","overlay-type":"","overlay-color":"","overlay-gradient":""},"mobile":{"background-color":"","background-image":"","background-repeat":"repeat","background-position":"center center","background-size":"auto","background-attachment":"scroll","background-type":"","background-media":"","overlay-type":"","overlay-color":"","overlay-gradient":""}},"ast-content-background-meta":{"desktop":{"background-color":"var(--ast-global-color-5)","background-image":"","background-repeat":"repeat","background-position":"center center","background-size":"auto","background-attachment":"scroll","background-type":"","background-media":"","overlay-type":"","overlay-color":"","overlay-gradient":""},"tablet":{"background-color":"var(--ast-global-color-5)","background-image":"","background-repeat":"repeat","background-position":"center center","background-size":"auto","background-attachment":"scroll","background-type":"","background-media":"","overlay-type":"","overlay-color":"","overlay-gradient":""},"mobile":{"background-color":"var(--ast-global-color-5)","background-image":"","background-repeat":"repeat","background-position":"center center","background-size":"auto","background-attachment":"scroll","background-type":"","background-media":"","overlay-type":"","overlay-color":"","overlay-gradient":""}},"footnotes":""},"class_list":["post-31","page","type-page","status-publish","hentry"],"yoast_head":"<!-- This site is optimized with the Yoast SEO plugin v24.6 - https:\/\/yoast.com\/wordpress\/plugins\/seo\/ -->\n<title>Offerings - IQ-Software<\/title>\n<meta name=\"robots\" content=\"index, follow, max-snippet:-1, max-image-preview:large, max-video-preview:-1\" \/>\n<link rel=\"canonical\" href=\"https:\/\/iq-software.pl\/?page_id=31\" \/>\n<meta property=\"og:locale\" content=\"pl_PL\" \/>\n<meta property=\"og:type\" content=\"article\" \/>\n<meta property=\"og:title\" content=\"Offerings - IQ-Software\" \/>\n<meta property=\"og:description\" content=\"Nasza oferta Zobacz, jak mo\u017cemy wspom\u00f3c Twoj\u0105 firm\u0119 w zarz\u0105dzaniu procesami produkcyjnymi i infrastruktur\u0105 produkcyjn\u0105. Oprogramowanie produkcyjne Nasze oprogramowanie umo\u017cliwia [&hellip;]\" \/>\n<meta property=\"og:url\" content=\"https:\/\/iq-software.pl\/?page_id=31\" \/>\n<meta property=\"og:site_name\" content=\"IQ-Software\" \/>\n<meta property=\"article:modified_time\" content=\"2024-05-07T18:40:47+00:00\" \/>\n<meta property=\"og:image\" content=\"https:\/\/iq-software.pl\/wp-content\/uploads\/sites\/2\/2024\/05\/zipwp-image-placeholder-landscape.png\" \/>\n<meta name=\"twitter:card\" content=\"summary_large_image\" \/>\n<meta name=\"twitter:label1\" content=\"Szacowany czas czytania\" \/>\n\t<meta name=\"twitter:data1\" content=\"2 minuty\" \/>\n<script type=\"application\/ld+json\" class=\"yoast-schema-graph\">{\"@context\":\"https:\/\/schema.org\",\"@graph\":[{\"@type\":\"WebPage\",\"@id\":\"https:\/\/iq-software.pl\/?page_id=31\",\"url\":\"https:\/\/iq-software.pl\/?page_id=31\",\"name\":\"Offerings - IQ-Software\",\"isPartOf\":{\"@id\":\"https:\/\/iq-software.pl\/#website\"},\"primaryImageOfPage\":{\"@id\":\"https:\/\/iq-software.pl\/?page_id=31#primaryimage\"},\"image\":{\"@id\":\"https:\/\/iq-software.pl\/?page_id=31#primaryimage\"},\"thumbnailUrl\":\"https:\/\/iq-software.pl\/wp-content\/uploads\/sites\/2\/2024\/05\/zipwp-image-placeholder-landscape.png\",\"datePublished\":\"2024-05-07T18:39:51+00:00\",\"dateModified\":\"2024-05-07T18:40:47+00:00\",\"breadcrumb\":{\"@id\":\"https:\/\/iq-software.pl\/?page_id=31#breadcrumb\"},\"inLanguage\":\"pl-PL\",\"potentialAction\":[{\"@type\":\"ReadAction\",\"target\":[\"https:\/\/iq-software.pl\/?page_id=31\"]}]},{\"@type\":\"ImageObject\",\"inLanguage\":\"pl-PL\",\"@id\":\"https:\/\/iq-software.pl\/?page_id=31#primaryimage\",\"url\":\"https:\/\/iq-software.pl\/wp-content\/uploads\/sites\/2\/2024\/05\/zipwp-image-placeholder-landscape.png\",\"contentUrl\":\"https:\/\/iq-software.pl\/wp-content\/uploads\/sites\/2\/2024\/05\/zipwp-image-placeholder-landscape.png\",\"width\":2247,\"height\":1500,\"caption\":\"zipwp-image-placeholder-landscape.jpeg\"},{\"@type\":\"BreadcrumbList\",\"@id\":\"https:\/\/iq-software.pl\/?page_id=31#breadcrumb\",\"itemListElement\":[{\"@type\":\"ListItem\",\"position\":1,\"name\":\"Strona g\u0142\u00f3wna\",\"item\":\"https:\/\/iq-software.pl\/\"},{\"@type\":\"ListItem\",\"position\":2,\"name\":\"Offerings\"}]},{\"@type\":\"WebSite\",\"@id\":\"https:\/\/iq-software.pl\/#website\",\"url\":\"https:\/\/iq-software.pl\/\",\"name\":\"IQ-Software\",\"description\":\"\",\"potentialAction\":[{\"@type\":\"SearchAction\",\"target\":{\"@type\":\"EntryPoint\",\"urlTemplate\":\"https:\/\/iq-software.pl\/?s={search_term_string}\"},\"query-input\":{\"@type\":\"PropertyValueSpecification\",\"valueRequired\":true,\"valueName\":\"search_term_string\"}}],\"inLanguage\":\"pl-PL\"}]}<\/script>\n<!-- \/ Yoast SEO plugin. -->","yoast_head_json":{"title":"Offerings - IQ-Software","robots":{"index":"index","follow":"follow","max-snippet":"max-snippet:-1","max-image-preview":"max-image-preview:large","max-video-preview":"max-video-preview:-1"},"canonical":"https:\/\/iq-software.pl\/?page_id=31","og_locale":"pl_PL","og_type":"article","og_title":"Offerings - IQ-Software","og_description":"Nasza oferta Zobacz, jak mo\u017cemy wspom\u00f3c Twoj\u0105 firm\u0119 w zarz\u0105dzaniu procesami produkcyjnymi i infrastruktur\u0105 produkcyjn\u0105. Oprogramowanie produkcyjne Nasze oprogramowanie umo\u017cliwia [&hellip;]","og_url":"https:\/\/iq-software.pl\/?page_id=31","og_site_name":"IQ-Software","article_modified_time":"2024-05-07T18:40:47+00:00","og_image":[{"url":"https:\/\/iq-software.pl\/wp-content\/uploads\/sites\/2\/2024\/05\/zipwp-image-placeholder-landscape.png","type":"","width":"","height":""}],"twitter_card":"summary_large_image","twitter_misc":{"Szacowany czas czytania":"2 minuty"},"schema":{"@context":"https:\/\/schema.org","@graph":[{"@type":"WebPage","@id":"https:\/\/iq-software.pl\/?page_id=31","url":"https:\/\/iq-software.pl\/?page_id=31","name":"Offerings - IQ-Software","isPartOf":{"@id":"https:\/\/iq-software.pl\/#website"},"primaryImageOfPage":{"@id":"https:\/\/iq-software.pl\/?page_id=31#primaryimage"},"image":{"@id":"https:\/\/iq-software.pl\/?page_id=31#primaryimage"},"thumbnailUrl":"https:\/\/iq-software.pl\/wp-content\/uploads\/sites\/2\/2024\/05\/zipwp-image-placeholder-landscape.png","datePublished":"2024-05-07T18:39:51+00:00","dateModified":"2024-05-07T18:40:47+00:00","breadcrumb":{"@id":"https:\/\/iq-software.pl\/?page_id=31#breadcrumb"},"inLanguage":"pl-PL","potentialAction":[{"@type":"ReadAction","target":["https:\/\/iq-software.pl\/?page_id=31"]}]},{"@type":"ImageObject","inLanguage":"pl-PL","@id":"https:\/\/iq-software.pl\/?page_id=31#primaryimage","url":"https:\/\/iq-software.pl\/wp-content\/uploads\/sites\/2\/2024\/05\/zipwp-image-placeholder-landscape.png","contentUrl":"https:\/\/iq-software.pl\/wp-content\/uploads\/sites\/2\/2024\/05\/zipwp-image-placeholder-landscape.png","width":2247,"height":1500,"caption":"zipwp-image-placeholder-landscape.jpeg"},{"@type":"BreadcrumbList","@id":"https:\/\/iq-software.pl\/?page_id=31#breadcrumb","itemListElement":[{"@type":"ListItem","position":1,"name":"Strona g\u0142\u00f3wna","item":"https:\/\/iq-software.pl\/"},{"@type":"ListItem","position":2,"name":"Offerings"}]},{"@type":"WebSite","@id":"https:\/\/iq-software.pl\/#website","url":"https:\/\/iq-software.pl\/","name":"IQ-Software","description":"","potentialAction":[{"@type":"SearchAction","target":{"@type":"EntryPoint","urlTemplate":"https:\/\/iq-software.pl\/?s={search_term_string}"},"query-input":{"@type":"PropertyValueSpecification","valueRequired":true,"valueName":"search_term_string"}}],"inLanguage":"pl-PL"}]}},"uagb_featured_image_src":{"full":false,"thumbnail":false,"medium":false,"medium_large":false,"large":false,"1536x1536":false,"2048x2048":false},"uagb_author_info":{"display_name":"adminiqswordpress","author_link":"https:\/\/iq-software.pl\/?author=1"},"uagb_comment_info":0,"uagb_excerpt":"Nasza oferta Zobacz, jak mo\u017cemy wspom\u00f3c Twoj\u0105 firm\u0119 w zarz\u0105dzaniu procesami produkcyjnymi i infrastruktur\u0105 produkcyjn\u0105. Oprogramowanie produkcyjne Nasze oprogramowanie umo\u017cliwia [&hellip;]","_links":{"self":[{"href":"https:\/\/iq-software.pl\/index.php?rest_route=\/wp\/v2\/pages\/31"}],"collection":[{"href":"https:\/\/iq-software.pl\/index.php?rest_route=\/wp\/v2\/pages"}],"about":[{"href":"https:\/\/iq-software.pl\/index.php?rest_route=\/wp\/v2\/types\/page"}],"author":[{"embeddable":true,"href":"https:\/\/iq-software.pl\/index.php?rest_route=\/wp\/v2\/users\/1"}],"replies":[{"embeddable":true,"href":"https:\/\/iq-software.pl\/index.php?rest_route=%2Fwp%2Fv2%2Fcomments&post=31"}],"version-history":[{"count":2,"href":"https:\/\/iq-software.pl\/index.php?rest_route=\/wp\/v2\/pages\/31\/revisions"}],"predecessor-version":[{"id":1200,"href":"https:\/\/iq-software.pl\/index.php?rest_route=\/wp\/v2\/pages\/31\/revisions\/1200"}],"wp:attachment":[{"href":"https:\/\/iq-software.pl\/index.php?rest_route=%2Fwp%2Fv2%2Fmedia&parent=31"}],"curies":[{"name":"wp","href":"https:\/\/api.w.org\/{rel}","templated":true}]}}