{"id":33,"date":"2024-05-07T20:39:51","date_gmt":"2024-05-07T18:39:51","guid":{"rendered":"http:\/\/iq-software.pl\/contact\/"},"modified":"2024-05-07T20:40:47","modified_gmt":"2024-05-07T18:40:47","slug":"contact","status":"publish","type":"page","link":"https:\/\/iq-software.pl\/?page_id=33","title":{"rendered":"Contact"},"content":{"rendered":"\n<div class=\"wp-block-uagb-container uagb-block-70fe397c alignfull uagb-is-root-container\"><div class=\"uagb-container-inner-blocks-wrap\">\n<div class=\"wp-block-uagb-advanced-heading uagb-block-c0033bad\"><h1 class=\"uagb-heading-text\">Kontakt<\/h1><\/div>\n\n\n\n<div class=\"wp-block-uagb-advanced-heading uagb-block-4bd84360\"><p class=\"uagb-desc-text\">Skontaktuj si\u0119 z nami, je\u015bli masz pytania dotycz\u0105ce naszych us\u0142ug lub potrzebujesz indywidualnego rozwi\u0105zania.<\/p><\/div>\n<\/div><\/div>\n\n\n\n<div class=\"wp-block-uagb-container uagb-block-06457b0d alignfull uagb-is-root-container\"><div class=\"uagb-container-inner-blocks-wrap\">\n<div class=\"wp-block-uagb-advanced-heading uagb-block-d2727d41\"><h2 class=\"uagb-heading-text\">Skontaktuj si\u0119 z nami<\/h2><\/div>\n\n\n\n<div class=\"wp-block-uagb-container uagb-block-24fad04d\">\n<div class=\"wp-block-uagb-container uagb-block-351f6ef8\">\n<div class=\"wp-block-uagb-advanced-heading uagb-block-74918ba0\"><div class=\"uagb-heading-text\">Telefon<\/div><p class=\"uagb-desc-text\">+48 601 73 52 63<\/p><\/div>\n<\/div>\n\n\n\n<div class=\"wp-block-uagb-container uagb-block-3cade091\">\n<div class=\"wp-block-uagb-advanced-heading uagb-block-98757724\"><div class=\"uagb-heading-text\">E-mail<\/div><p class=\"uagb-desc-text\">mariusz.piechowski@iq-software.pl<\/p><\/div>\n<\/div>\n\n\n\n<div class=\"wp-block-uagb-container uagb-block-5cc83f7c\">\n<div class=\"wp-block-uagb-advanced-heading uagb-block-682dd3f1\"><div class=\"uagb-heading-text\">Adres<\/div><p class=\"uagb-desc-text\">ul. Koronna 3 \/ 31A\n60-652 Pozna\u0144<\/p><\/div>\n<\/div>\n\n\n\n<div class=\"wp-block-uagb-container uagb-block-07050bfa\">\n<div class=\"wp-block-uagb-advanced-heading uagb-block-b6eebffd\"><div class=\"uagb-heading-text\">Znajd\u017a nas<\/div><\/div>\n\n\n\n<div class=\"wp-block-uagb-icon-list uagb-block-21b9d640\"><div class=\"uagb-icon-list__wrap\">\n<div class=\"wp-block-uagb-icon-list-child uagb-block-58d5a34b\"><a target=\"_self\" aria-label=\"List item\" rel=\"noopener noreferrer\" href=\"#\"> <\/a><span class=\"uagb-icon-list__source-wrap\"><\/span><\/div>\n\n\n\n<div class=\"wp-block-uagb-icon-list-child uagb-block-636a5769\"><a target=\"_self\" aria-label=\"List item\" rel=\"noopener noreferrer\" href=\"#\"> <\/a><span class=\"uagb-icon-list__source-wrap\"><\/span><\/div>\n\n\n\n<div class=\"wp-block-uagb-icon-list-child uagb-block-1a48b906\"><a target=\"_self\" aria-label=\"List item\" rel=\"noopener noreferrer\" href=\"#\"> <\/a><span class=\"uagb-icon-list__source-wrap\"><\/span><\/div>\n\n\n\n<div class=\"wp-block-uagb-icon-list-child uagb-block-0f3ed100\"><a target=\"_self\" aria-label=\"List item\" rel=\"noopener noreferrer\" href=\"#\"> <\/a><span class=\"uagb-icon-list__source-wrap\"><\/span><\/div>\n\n\n\n<div class=\"wp-block-uagb-icon-list-child uagb-block-7a1f116d\"><a target=\"_self\" aria-label=\"List item\" rel=\"noopener noreferrer\" href=\"#\"> <\/a><span class=\"uagb-icon-list__source-wrap\"><\/span><\/div>\n<\/div><\/div>\n<\/div>\n<\/div>\n<\/div><\/div>\n\n\n\n<div class=\"wp-block-uagb-container uagb-block-84bd1d92 alignfull uagb-is-root-container\"><div class=\"uagb-container-inner-blocks-wrap\">\n<div class=\"wp-block-uagb-advanced-heading uagb-block-5bce4ad7\"><h2 class=\"uagb-heading-text\">Wy\u015blij wiadomo\u015b\u0107<\/h2><\/div>\n\n\n\n<div class=\"wp-block-uagb-forms uagb-forms__outer-wrap uagb-block-2df36446 uagb-forms__medium-btn\">\n<div class=\"wp-block-uagb-forms-name uagb-forms-name-wrap uagb-forms-field-set uagb-block-d8c66692\"><div class=\"uagb-forms-name-label  uagb-forms-input-label\" id=\"d8c66692\">Name<\/div><\/div>\n\n\n\n<div class=\"wp-block-uagb-forms-name uagb-forms-name-wrap uagb-forms-field-set uagb-block-7640798f\"><div class=\"uagb-forms-name-label required uagb-forms-input-label\" id=\"7640798f\">Name<\/div><\/div>\n\n\n\n<div class=\"wp-block-uagb-forms-email uagb-forms-email-wrap uagb-forms-field-set uagb-block-3cc96c1e\"><div class=\"uagb-forms-email-label required uagb-forms-input-label\" id=\"3cc96c1e\">Email<\/div><\/div>\n\n\n\n<div class=\"wp-block-uagb-forms-textarea uagb-forms-textarea-wrap uagb-forms-field-set uagb-block-27c1e90c\"><div class=\"uagb-forms-textarea-label required uagb-forms-input-label\" id=\"27c1e90c\">Message<\/div><textarea class=\"uagb-forms-textarea-input uagb-forms-input\" rows=\"4\" name=\"27c1e90c\"><\/textarea><\/div>\n<div class=\"uagb-forms-form-hidden-data\"><\/div><div class=\"uagb-form-reacaptcha-error-2df36446\"><\/div><div class=\"uagb-forms-main-submit-button-wrap wp-block-button\"><button class=\"uagb-forms-main-submit-button wp-block-button__link\"><div class=\"uagb-forms-main-submit-button-text\">Wy\u015blij wiadomo\u015b\u0107<\/div><\/button><\/div><div class=\"uagb-forms-success-message-2df36446 uagb-forms-submit-message-hide\"><span>The form has been submitted successfully!<\/span><\/div><div class=\"uagb-forms-failed-message-2df36446 uagb-forms-submit-message-hide\"><span>There has been some error while submitting the form. Please verify all form fields again.<\/span><\/div><\/div>\n<\/div><\/div>\n\n\n\n<div class=\"wp-block-uagb-container uagb-block-12fa4e5b alignfull uagb-is-root-container\"><div class=\"uagb-container-inner-blocks-wrap\">\n<div class=\"wp-block-uagb-info-box uagb-block-7008500d uagb-infobox__content-wrap  uagb-infobox-icon-above-title uagb-infobox-image-valign-top\"><div class=\"uagb-ifb-content\"><div class=\"uagb-ifb-title-wrap\"><h2 class=\"uagb-ifb-title\">Skontaktuj si\u0119 z nami<\/h2><\/div><p class=\"uagb-ifb-desc\">Chcieliby\u015bmy pozna\u0107 Twoje potrzeby i przedstawi\u0107 nasze rozwi\u0105zania. Skontaktuj si\u0119 z nami ju\u017c dzisiaj!<\/p><div class=\"uagb-ifb-button-wrapper wp-block-button\"><a href=\"\/contact\/\" class=\"uagb-infobox-cta-link wp-block-button__link\" target=\"_self\" rel=\"noopener noreferrer\"><span class=\"uagb-inline-editing\">Odkryj wi\u0119cej<\/span><\/a><\/div><\/div><\/div>\n<\/div><\/div>\n","protected":false},"excerpt":{"rendered":"<p>Kontakt Skontaktuj si\u0119 z nami, je\u015bli masz pytania dotycz\u0105ce naszych us\u0142ug lub potrzebujesz indywidualnego rozwi\u0105zania. Skontaktuj si\u0119 z nami Telefon [&hellip;]<\/p>\n","protected":false},"author":1,"featured_media":0,"parent":0,"menu_order":0,"comment_status":"closed","ping_status":"closed","template":"","meta":{"_uag_custom_page_level_css":"","site-sidebar-layout":"default","site-content-layout":"","ast-site-content-layout":"default","site-content-style":"default","site-sidebar-style":"default","ast-global-header-display":"","ast-banner-title-visibility":"","ast-main-header-display":"","ast-hfb-above-header-display":"","ast-hfb-below-header-display":"","ast-hfb-mobile-header-display":"","site-post-title":"disabled","ast-breadcrumbs-content":"","ast-featured-img":"","footer-sml-layout":"","theme-transparent-header-meta":"","adv-header-id-meta":"","stick-header-meta":"","header-above-stick-meta":"","header-main-stick-meta":"","header-below-stick-meta":"","astra-migrate-meta-layouts":"set","ast-page-background-enabled":"default","ast-page-background-meta":{"desktop":{"background-color":"var(--ast-global-color-4)","background-image":"","background-repeat":"repeat","background-position":"center center","background-size":"auto","background-attachment":"scroll","background-type":"","background-media":"","overlay-type":"","overlay-color":"","overlay-gradient":""},"tablet":{"background-color":"","background-image":"","background-repeat":"repeat","background-position":"center center","background-size":"auto","background-attachment":"scroll","background-type":"","background-media":"","overlay-type":"","overlay-color":"","overlay-gradient":""},"mobile":{"background-color":"","background-image":"","background-repeat":"repeat","background-position":"center center","background-size":"auto","background-attachment":"scroll","background-type":"","background-media":"","overlay-type":"","overlay-color":"","overlay-gradient":""}},"ast-content-background-meta":{"desktop":{"background-color":"var(--ast-global-color-5)","background-image":"","background-repeat":"repeat","background-position":"center center","background-size":"auto","background-attachment":"scroll","background-type":"","background-media":"","overlay-type":"","overlay-color":"","overlay-gradient":""},"tablet":{"background-color":"var(--ast-global-color-5)","background-image":"","background-repeat":"repeat","background-position":"center center","background-size":"auto","background-attachment":"scroll","background-type":"","background-media":"","overlay-type":"","overlay-color":"","overlay-gradient":""},"mobile":{"background-color":"var(--ast-global-color-5)","background-image":"","background-repeat":"repeat","background-position":"center center","background-size":"auto","background-attachment":"scroll","background-type":"","background-media":"","overlay-type":"","overlay-color":"","overlay-gradient":""}},"footnotes":""},"class_list":["post-33","page","type-page","status-publish","hentry"],"yoast_head":"<!-- This site is optimized with the Yoast SEO plugin v24.6 - https:\/\/yoast.com\/wordpress\/plugins\/seo\/ -->\n<title>Contact - IQ-Software<\/title>\n<meta name=\"robots\" content=\"index, follow, max-snippet:-1, max-image-preview:large, max-video-preview:-1\" \/>\n<link rel=\"canonical\" href=\"https:\/\/iq-software.pl\/?page_id=33\" \/>\n<meta property=\"og:locale\" content=\"pl_PL\" \/>\n<meta property=\"og:type\" content=\"article\" \/>\n<meta property=\"og:title\" content=\"Contact - IQ-Software\" \/>\n<meta property=\"og:description\" content=\"Kontakt Skontaktuj si\u0119 z nami, je\u015bli masz pytania dotycz\u0105ce naszych us\u0142ug lub potrzebujesz indywidualnego rozwi\u0105zania. Skontaktuj si\u0119 z nami Telefon [&hellip;]\" \/>\n<meta property=\"og:url\" content=\"https:\/\/iq-software.pl\/?page_id=33\" \/>\n<meta property=\"og:site_name\" content=\"IQ-Software\" \/>\n<meta property=\"article:modified_time\" content=\"2024-05-07T18:40:47+00:00\" \/>\n<meta name=\"twitter:card\" content=\"summary_large_image\" \/>\n<script type=\"application\/ld+json\" class=\"yoast-schema-graph\">{\"@context\":\"https:\/\/schema.org\",\"@graph\":[{\"@type\":\"WebPage\",\"@id\":\"https:\/\/iq-software.pl\/?page_id=33\",\"url\":\"https:\/\/iq-software.pl\/?page_id=33\",\"name\":\"Contact - IQ-Software\",\"isPartOf\":{\"@id\":\"https:\/\/iq-software.pl\/#website\"},\"datePublished\":\"2024-05-07T18:39:51+00:00\",\"dateModified\":\"2024-05-07T18:40:47+00:00\",\"breadcrumb\":{\"@id\":\"https:\/\/iq-software.pl\/?page_id=33#breadcrumb\"},\"inLanguage\":\"pl-PL\",\"potentialAction\":[{\"@type\":\"ReadAction\",\"target\":[\"https:\/\/iq-software.pl\/?page_id=33\"]}]},{\"@type\":\"BreadcrumbList\",\"@id\":\"https:\/\/iq-software.pl\/?page_id=33#breadcrumb\",\"itemListElement\":[{\"@type\":\"ListItem\",\"position\":1,\"name\":\"Strona g\u0142\u00f3wna\",\"item\":\"https:\/\/iq-software.pl\/\"},{\"@type\":\"ListItem\",\"position\":2,\"name\":\"Contact\"}]},{\"@type\":\"WebSite\",\"@id\":\"https:\/\/iq-software.pl\/#website\",\"url\":\"https:\/\/iq-software.pl\/\",\"name\":\"IQ-Software\",\"description\":\"\",\"potentialAction\":[{\"@type\":\"SearchAction\",\"target\":{\"@type\":\"EntryPoint\",\"urlTemplate\":\"https:\/\/iq-software.pl\/?s={search_term_string}\"},\"query-input\":{\"@type\":\"PropertyValueSpecification\",\"valueRequired\":true,\"valueName\":\"search_term_string\"}}],\"inLanguage\":\"pl-PL\"}]}<\/script>\n<!-- \/ Yoast SEO plugin. -->","yoast_head_json":{"title":"Contact - IQ-Software","robots":{"index":"index","follow":"follow","max-snippet":"max-snippet:-1","max-image-preview":"max-image-preview:large","max-video-preview":"max-video-preview:-1"},"canonical":"https:\/\/iq-software.pl\/?page_id=33","og_locale":"pl_PL","og_type":"article","og_title":"Contact - IQ-Software","og_description":"Kontakt Skontaktuj si\u0119 z nami, je\u015bli masz pytania dotycz\u0105ce naszych us\u0142ug lub potrzebujesz indywidualnego rozwi\u0105zania. Skontaktuj si\u0119 z nami Telefon [&hellip;]","og_url":"https:\/\/iq-software.pl\/?page_id=33","og_site_name":"IQ-Software","article_modified_time":"2024-05-07T18:40:47+00:00","twitter_card":"summary_large_image","schema":{"@context":"https:\/\/schema.org","@graph":[{"@type":"WebPage","@id":"https:\/\/iq-software.pl\/?page_id=33","url":"https:\/\/iq-software.pl\/?page_id=33","name":"Contact - IQ-Software","isPartOf":{"@id":"https:\/\/iq-software.pl\/#website"},"datePublished":"2024-05-07T18:39:51+00:00","dateModified":"2024-05-07T18:40:47+00:00","breadcrumb":{"@id":"https:\/\/iq-software.pl\/?page_id=33#breadcrumb"},"inLanguage":"pl-PL","potentialAction":[{"@type":"ReadAction","target":["https:\/\/iq-software.pl\/?page_id=33"]}]},{"@type":"BreadcrumbList","@id":"https:\/\/iq-software.pl\/?page_id=33#breadcrumb","itemListElement":[{"@type":"ListItem","position":1,"name":"Strona g\u0142\u00f3wna","item":"https:\/\/iq-software.pl\/"},{"@type":"ListItem","position":2,"name":"Contact"}]},{"@type":"WebSite","@id":"https:\/\/iq-software.pl\/#website","url":"https:\/\/iq-software.pl\/","name":"IQ-Software","description":"","potentialAction":[{"@type":"SearchAction","target":{"@type":"EntryPoint","urlTemplate":"https:\/\/iq-software.pl\/?s={search_term_string}"},"query-input":{"@type":"PropertyValueSpecification","valueRequired":true,"valueName":"search_term_string"}}],"inLanguage":"pl-PL"}]}},"uagb_featured_image_src":{"full":false,"thumbnail":false,"medium":false,"medium_large":false,"large":false,"1536x1536":false,"2048x2048":false},"uagb_author_info":{"display_name":"adminiqswordpress","author_link":"https:\/\/iq-software.pl\/?author=1"},"uagb_comment_info":0,"uagb_excerpt":"Kontakt Skontaktuj si\u0119 z nami, je\u015bli masz pytania dotycz\u0105ce naszych us\u0142ug lub potrzebujesz indywidualnego rozwi\u0105zania. Skontaktuj si\u0119 z nami Telefon [&hellip;]","_links":{"self":[{"href":"https:\/\/iq-software.pl\/index.php?rest_route=\/wp\/v2\/pages\/33"}],"collection":[{"href":"https:\/\/iq-software.pl\/index.php?rest_route=\/wp\/v2\/pages"}],"about":[{"href":"https:\/\/iq-software.pl\/index.php?rest_route=\/wp\/v2\/types\/page"}],"author":[{"embeddable":true,"href":"https:\/\/iq-software.pl\/index.php?rest_route=\/wp\/v2\/users\/1"}],"replies":[{"embeddable":true,"href":"https:\/\/iq-software.pl\/index.php?rest_route=%2Fwp%2Fv2%2Fcomments&post=33"}],"version-history":[{"count":2,"href":"https:\/\/iq-software.pl\/index.php?rest_route=\/wp\/v2\/pages\/33\/revisions"}],"predecessor-version":[{"id":1202,"href":"https:\/\/iq-software.pl\/index.php?rest_route=\/wp\/v2\/pages\/33\/revisions\/1202"}],"wp:attachment":[{"href":"https:\/\/iq-software.pl\/index.php?rest_route=%2Fwp%2Fv2%2Fmedia&parent=33"}],"curies":[{"name":"wp","href":"https:\/\/api.w.org\/{rel}","templated":true}]}}